{"id":1767,"date":"2017-10-27T16:01:22","date_gmt":"2017-10-27T16:01:22","guid":{"rendered":"https:\/\/giadarobin.com\/sonaar\/?page_id=1767"},"modified":"2023-03-28T02:35:43","modified_gmt":"2023-03-28T02:35:43","slug":"chi-sono","status":"publish","type":"page","link":"https:\/\/giadarobin.com\/sonaar\/chi-sono\/","title":{"rendered":"Chi sono"},"content":{"rendered":"\t\t<div data-elementor-type=\"wp-post\" data-elementor-id=\"1767\" class=\"elementor elementor-1767\">\n\t\t\t\t\t\t<div class=\"elementor-inner\">\n\t\t\t\t<div class=\"elementor-section-wrap\">\n\t\t\t\t\t\t\t\t\t<section class=\"elementor-section elementor-top-section elementor-element elementor-element-23f45a6 elementor-section-boxed elementor-section-height-default elementor-section-height-default\" data-id=\"23f45a6\" data-element_type=\"section\">\n\t\t\t\t\t\t<div class=\"elementor-container elementor-column-gap-default\">\n\t\t\t\t\t\t\t<div class=\"elementor-row\">\n\t\t\t\t\t<div class=\"elementor-column elementor-col-100 elementor-top-column elementor-element elementor-element-333b9fe\" data-id=\"333b9fe\" data-element_type=\"column\">\n\t\t\t<div class=\"elementor-column-wrap elementor-element-populated\">\n\t\t\t\t\t\t\t<div class=\"elementor-widget-wrap\">\n\t\t\t\t\t\t<div class=\"elementor-element elementor-element-5dc5a0a elementor-invisible elementor-widget elementor-widget-heading\" data-id=\"5dc5a0a\" data-element_type=\"widget\" data-settings=\"{&quot;_animation&quot;:&quot;fadeInUp&quot;}\" data-widget_type=\"heading.default\">\n\t\t\t\t<div class=\"elementor-widget-container\">\n\t\t\t<h3 class=\"elementor-heading-title elementor-size-default\">ABOUT<\/h3>\t\t<\/div>\n\t\t\t\t<\/div>\n\t\t\t\t<div class=\"elementor-element elementor-element-6e68456 elementor-invisible elementor-widget elementor-widget-heading\" data-id=\"6e68456\" data-element_type=\"widget\" data-settings=\"{&quot;_animation&quot;:&quot;fadeInUp&quot;,&quot;_animation_delay&quot;:300}\" data-widget_type=\"heading.default\">\n\t\t\t\t<div class=\"elementor-widget-container\">\n\t\t\t<h1 class=\"elementor-heading-title elementor-size-default\">Giada Robin Bio<\/h1>\t\t<\/div>\n\t\t\t\t<\/div>\n\t\t\t\t<div class=\"elementor-element elementor-element-8f62c50 elementor-invisible elementor-widget elementor-widget-heading\" data-id=\"8f62c50\" data-element_type=\"widget\" data-settings=\"{&quot;_animation&quot;:&quot;fadeInUp&quot;,&quot;_animation_delay&quot;:600}\" data-widget_type=\"heading.default\">\n\t\t\t\t<div class=\"elementor-widget-container\">\n\t\t\t<div class=\"elementor-heading-title elementor-size-default\">Un viaggio che ha cambiato la mia vita.<\/div>\t\t<\/div>\n\t\t\t\t<\/div>\n\t\t\t\t<div class=\"elementor-element elementor-element-0332ddc elementor-widget-divider--view-line elementor-invisible elementor-widget elementor-widget-divider\" data-id=\"0332ddc\" data-element_type=\"widget\" data-settings=\"{&quot;_animation&quot;:&quot;fadeInUp&quot;,&quot;_animation_delay&quot;:900}\" data-widget_type=\"divider.default\">\n\t\t\t\t<div class=\"elementor-widget-container\">\n\t\t\t\t\t<div class=\"elementor-divider\">\n\t\t\t<span class=\"elementor-divider-separator\">\n\t\t\t\t\t\t<\/span>\n\t\t<\/div>\n\t\t\t\t<\/div>\n\t\t\t\t<\/div>\n\t\t\t\t\t\t<\/div>\n\t\t\t\t\t<\/div>\n\t\t<\/div>\n\t\t\t\t\t\t\t\t<\/div>\n\t\t\t\t\t<\/div>\n\t\t<\/section>\n\t\t\t\t<section class=\"elementor-section elementor-top-section elementor-element elementor-element-63196a1 elementor-section-boxed elementor-section-height-default elementor-section-height-default\" data-id=\"63196a1\" data-element_type=\"section\">\n\t\t\t\t\t\t<div class=\"elementor-container elementor-column-gap-default\">\n\t\t\t\t\t\t\t<div class=\"elementor-row\">\n\t\t\t\t\t<div class=\"elementor-column elementor-col-100 elementor-top-column elementor-element elementor-element-b78089d\" data-id=\"b78089d\" data-element_type=\"column\">\n\t\t\t<div class=\"elementor-column-wrap elementor-element-populated\">\n\t\t\t\t\t\t\t<div class=\"elementor-widget-wrap\">\n\t\t\t\t\t\t<section class=\"elementor-section elementor-inner-section elementor-element elementor-element-9cfd66f elementor-section-boxed elementor-section-height-default elementor-section-height-default\" data-id=\"9cfd66f\" data-element_type=\"section\">\n\t\t\t\t\t\t<div class=\"elementor-container elementor-column-gap-wide\">\n\t\t\t\t\t\t\t<div class=\"elementor-row\">\n\t\t\t\t\t<div class=\"elementor-column elementor-col-100 elementor-inner-column elementor-element elementor-element-911cbfa\" data-id=\"911cbfa\" data-element_type=\"column\">\n\t\t\t<div class=\"elementor-column-wrap elementor-element-populated\">\n\t\t\t\t\t\t\t<div class=\"elementor-widget-wrap\">\n\t\t\t\t\t\t<div class=\"elementor-element elementor-element-020a2d4 elementor-drop-cap-yes elementor-drop-cap-view-framed elementor-invisible elementor-widget elementor-widget-text-editor\" data-id=\"020a2d4\" data-element_type=\"widget\" data-settings=\"{&quot;drop_cap&quot;:&quot;yes&quot;,&quot;_animation&quot;:&quot;fadeInUp&quot;}\" data-widget_type=\"text-editor.default\">\n\t\t\t\t<div class=\"elementor-widget-container\">\n\t\t\t\t\t\t\t\t<div class=\"elementor-text-editor elementor-clearfix\">\n\t\t\t\t<p>Giada Pancaccini in arte Giada Robin \u00e8 una cantante e musicista pop.\u00a0<\/p><p>Dopo 15 anni di carriera come cosplayer di fama internazionale, lancia il suo primo album dal titolo &#8220;Feel Alive&#8221; debuttando nel mondo della musica. Nonostante l&#8217;immagine provocante e d&#8217;impatto della copertina, il disco include molti principi della fede cristiana, catturando da subito l&#8217;attenzione di Massimo Giletti e facendola scontrare con Mario Adinolfi al programma televisivo &#8220;Non \u00e8 l&#8217;Arena&#8221; su LA7. Coraggiosa, ribelle, controversa, Giada continua a stupire con il singolo &#8220;Naked&#8221; ed \u00e8 pronta a tutto!<\/p><p>\u00a0<\/p>\t\t\t\t\t<\/div>\n\t\t\t\t\t\t<\/div>\n\t\t\t\t<\/div>\n\t\t\t\t\t\t<\/div>\n\t\t\t\t\t<\/div>\n\t\t<\/div>\n\t\t\t\t\t\t\t\t<\/div>\n\t\t\t\t\t<\/div>\n\t\t<\/section>\n\t\t\t\t\t\t<\/div>\n\t\t\t\t\t<\/div>\n\t\t<\/div>\n\t\t\t\t\t\t\t\t<\/div>\n\t\t\t\t\t<\/div>\n\t\t<\/section>\n\t\t\t\t<section class=\"elementor-section elementor-top-section elementor-element elementor-element-ba7a213 elementor-section-boxed elementor-section-height-default elementor-section-height-default\" data-id=\"ba7a213\" data-element_type=\"section\">\n\t\t\t\t\t\t<div class=\"elementor-container elementor-column-gap-default\">\n\t\t\t\t\t\t\t<div class=\"elementor-row\">\n\t\t\t\t\t<div class=\"elementor-column elementor-col-100 elementor-top-column elementor-element elementor-element-2d47762\" data-id=\"2d47762\" data-element_type=\"column\">\n\t\t\t<div class=\"elementor-column-wrap elementor-element-populated\">\n\t\t\t\t\t\t\t<div class=\"elementor-widget-wrap\">\n\t\t\t\t\t\t<div class=\"elementor-element elementor-element-f17ac80 elementor-invisible elementor-widget elementor-widget-heading\" data-id=\"f17ac80\" data-element_type=\"widget\" data-settings=\"{&quot;_animation&quot;:&quot;fadeInUp&quot;}\" data-widget_type=\"heading.default\">\n\t\t\t\t<div class=\"elementor-widget-container\">\n\t\t\t<h1 class=\"elementor-heading-title elementor-size-default\">Una storia Incredibile<\/h1>\t\t<\/div>\n\t\t\t\t<\/div>\n\t\t\t\t<div class=\"elementor-element elementor-element-ee07763 elementor-invisible elementor-widget elementor-widget-heading\" data-id=\"ee07763\" data-element_type=\"widget\" data-settings=\"{&quot;_animation&quot;:&quot;fadeInUp&quot;}\" data-widget_type=\"heading.default\">\n\t\t\t\t<div class=\"elementor-widget-container\">\n\t\t\t<h2 class=\"elementor-heading-title elementor-size-default\">La rivincita di una Nerd<\/h2>\t\t<\/div>\n\t\t\t\t<\/div>\n\t\t\t\t<section class=\"elementor-section elementor-inner-section elementor-element elementor-element-728aca7 elementor-section-full_width elementor-section-height-default elementor-section-height-default\" data-id=\"728aca7\" data-element_type=\"section\">\n\t\t\t\t\t\t<div class=\"elementor-container elementor-column-gap-default\">\n\t\t\t\t\t\t\t<div class=\"elementor-row\">\n\t\t\t\t\t<div class=\"elementor-column elementor-col-100 elementor-inner-column elementor-element elementor-element-2136d3c\" data-id=\"2136d3c\" data-element_type=\"column\">\n\t\t\t<div class=\"elementor-column-wrap elementor-element-populated\">\n\t\t\t\t\t\t\t<div class=\"elementor-widget-wrap\">\n\t\t\t\t\t\t<div class=\"elementor-element elementor-element-1e13cb9 elementor-invisible elementor-widget elementor-widget-text-editor\" data-id=\"1e13cb9\" data-element_type=\"widget\" data-settings=\"{&quot;_animation&quot;:&quot;fadeInUp&quot;}\" data-widget_type=\"text-editor.default\">\n\t\t\t\t<div class=\"elementor-widget-container\">\n\t\t\t\t\t\t\t\t<div class=\"elementor-text-editor elementor-clearfix\">\n\t\t\t\t<p>Giada \u00e8 la protagonista di un percorso straordinario, fatto di scelte importanti, riflessioni, sacrifici.. ma anche di grandi successi grazie al suo talento ed al suo coraggio. La storia di Giada \u00e8 la dimostrazione che credendo fermamente in s\u00e9 stessi e lottando con tutte le forze contro ogni ostacolo \u00e8 possibile realizzare i propri sogni.<\/p><p>Appassionata di musica, fumetti e videogiochi Giada \u00e8 sempre stata una ragazza creativa, poliedrica e piena di risorse. A scuola aveva ottimi voti ed era spesso vittima di scherno dei suoi compagni di classe; insomma una nerd bullizzata che amava rifugiarsi nel suo mondo fatto di canzoni e supereroi.. e proprio quest\u2019ultimi le hanno dato la forza di riscattarsi. Nel 2008 infatti (all\u2019et\u00e0 di 16 anni) Giada comincia la sua avventura nel mondo dei cosplay a \u201cLucca Comics &amp; Games\u201d nei panni di Nico Robin, personaggio del manga One Piece dal quale decide di creare lo\u00a0 pseudonimo di Giada Robin. Da l\u00ec la sua vita cambia per sempre.. la sua passione per i personaggi dei fumetti diventa realt\u00e0, comincia a realizzare costumi su costumi, frequentare eventi su eventi, condividere le sue foto su internet ed in poco tempo raggiunge una popolarit\u00e0 tale da essere chiamata ospite nelle convention di tutto il mondo diventando a tutti gli effetti la pi\u00f9 famosa cosplayer italiana nel mondo e la prima cosplayer professionista in Italia. Dall\u2019America al Giappone Giada tiene conferenze ed \u00e8 giudice delle pi\u00f9 importanti gare di cosplay, lavora per case videoludiche e multi nazionali del gaming e del tech come MSI, Hyperx, Sony, Playstation, Nintendo, Blizzard e Riot Games. Nel frattempo appare sulla rivista PLAYBOY con i suoi personaggi pi\u00f9 sexy e in diversi programmi televisivi in onda su MEDIASET e SKY. Nel 2018 presenta la prima stagione di CROSSOVER \u2013 UNIVERSO NERD in onda su La7 Gold\u00a0 e recita nel film \u201cFino all\u2019Inferno\u201d di Roberto D\u2019Antona sfilando poi al Festival di Cannes. Con oltre 1 Milione di follower sui social Giada diventa un\u2019icona ed un modello per tanti ragazzi, cos\u00ec viene scelta persino da Panini Comics per comparire sulla copertina di un manga dal titolo \u201cMagical Girl Howling Moon\u201d. Coronando il suo sogno di diventare come una super eroina dei fumetti che leggeva da ragazzina, Giada termina la sua avventura da cosplayer lanciando un brand tutto suo \u201cGiada Robin World\u201d e raccontando la sua storia da regina dei nerd alle telecamere di ITALIA 1 in un DOCU-FILM per il programma \u201cBuoni o Cattivi\u201d.<\/p><p style=\"background-image: initial; background-position: initial; background-size: initial; background-repeat: initial; background-attachment: initial; background-origin: initial; background-clip: initial;\">\u00a0<\/p>\t\t\t\t\t<\/div>\n\t\t\t\t\t\t<\/div>\n\t\t\t\t<\/div>\n\t\t\t\t\t\t<\/div>\n\t\t\t\t\t<\/div>\n\t\t<\/div>\n\t\t\t\t\t\t\t\t<\/div>\n\t\t\t\t\t<\/div>\n\t\t<\/section>\n\t\t\t\t\t\t<\/div>\n\t\t\t\t\t<\/div>\n\t\t<\/div>\n\t\t\t\t\t\t\t\t<\/div>\n\t\t\t\t\t<\/div>\n\t\t<\/section>\n\t\t\t\t<section class=\"elementor-section elementor-top-section elementor-element elementor-element-158a2ba elementor-section-boxed elementor-section-height-default elementor-section-height-default\" data-id=\"158a2ba\" data-element_type=\"section\">\n\t\t\t\t\t\t<div class=\"elementor-container elementor-column-gap-default\">\n\t\t\t\t\t\t\t<div class=\"elementor-row\">\n\t\t\t\t\t<div class=\"elementor-column elementor-col-100 elementor-top-column elementor-element elementor-element-6678c44\" data-id=\"6678c44\" data-element_type=\"column\">\n\t\t\t<div class=\"elementor-column-wrap elementor-element-populated\">\n\t\t\t\t\t\t\t<div class=\"elementor-widget-wrap\">\n\t\t\t\t\t\t<div class=\"elementor-element elementor-element-218c48a elementor-invisible elementor-widget elementor-widget-heading\" data-id=\"218c48a\" data-element_type=\"widget\" data-settings=\"{&quot;_animation&quot;:&quot;fadeInUp&quot;}\" data-widget_type=\"heading.default\">\n\t\t\t\t<div class=\"elementor-widget-container\">\n\t\t\t<h1 class=\"elementor-heading-title elementor-size-default\">La Svolta Artistica<\/h1>\t\t<\/div>\n\t\t\t\t<\/div>\n\t\t\t\t<div class=\"elementor-element elementor-element-80fce58 elementor-invisible elementor-widget elementor-widget-heading\" data-id=\"80fce58\" data-element_type=\"widget\" data-settings=\"{&quot;_animation&quot;:&quot;fadeInUp&quot;}\" data-widget_type=\"heading.default\">\n\t\t\t\t<div class=\"elementor-widget-container\">\n\t\t\t<h2 class=\"elementor-heading-title elementor-size-default\">Dalla caduta alla rinascita<\/h2>\t\t<\/div>\n\t\t\t\t<\/div>\n\t\t\t\t<section class=\"elementor-section elementor-inner-section elementor-element elementor-element-68ef199 elementor-section-full_width elementor-section-height-default elementor-section-height-default\" data-id=\"68ef199\" data-element_type=\"section\">\n\t\t\t\t\t\t<div class=\"elementor-container elementor-column-gap-default\">\n\t\t\t\t\t\t\t<div class=\"elementor-row\">\n\t\t\t\t\t<div class=\"elementor-column elementor-col-100 elementor-inner-column elementor-element elementor-element-f488863\" data-id=\"f488863\" data-element_type=\"column\">\n\t\t\t<div class=\"elementor-column-wrap elementor-element-populated\">\n\t\t\t\t\t\t\t<div class=\"elementor-widget-wrap\">\n\t\t\t\t\t\t<div class=\"elementor-element elementor-element-becb424 elementor-invisible elementor-widget elementor-widget-text-editor\" data-id=\"becb424\" data-element_type=\"widget\" data-settings=\"{&quot;_animation&quot;:&quot;fadeInUp&quot;}\" data-widget_type=\"text-editor.default\">\n\t\t\t\t<div class=\"elementor-widget-container\">\n\t\t\t\t\t\t\t\t<div class=\"elementor-text-editor elementor-clearfix\">\n\t\t\t\t<p>Durante la pandemia, quando tutto si \u00e8 fermato (compreso il suo lavoro) Giada riscopre la bellezza della musica nella sofferenza. Nel 2021 si ammala di Fibromialgia, cade in depressione ed \u00e8 costretta a prendere psicofarmaci che la portano alla dipendenza. Un viaggio introspettivo e mistico; tutti quei costumi e quelle maschere che era abituata ad indossare non c\u2019erano pi\u00f9 a darle forza, la sua unica cura era la musica. Questa situazione porta Giada a porsi delle domande, a lottare non pi\u00f9 contro gli altri ma contro s\u00e9 stessa, ad esprimere le proprie emozioni su carta e cos\u00ec comincia a scrivere canzoni dal profondo del suo cuore. Dopo mesi di sofferenze Giada riesce a superare la dipendenza da farmaci e decide di lasciare la sua carriera di cosplayer per dedicarsi esclusivamente alla musica inizialmente con un progetto di musica elettronica drum &amp; bass sperimentale chiamato \u201cThe Pheromone Syndicate\u201d.\u00a0 Giada decide poi di tornare sulla scena come Giada Robin e grazie al sostegno dei suoi amati fan tramite le piattaforme Patreon ed Onlyfans riesce a pubblicare il suo primo disco da solista \u201cFeel Alive\u201d.\u00a0 \u00a0\u00a0<\/p><p>La passione di Giada per la musica in realt\u00e0 ha radici molto profonde. Ha iniziato a cantare all\u2019et\u00e0 di 6 anni e fin da bambina ascoltava molta musica, dalla classica al rock &amp; roll ma rimane completamente folgorata dalla regina del pop Madonna. A 12 anni Giada inizia a studiare musica ed a prendere lezioni di pianoforte per accompagnare la sua voce ma ben presto inizi\u00f2 a scrivere composizioni originali che registra su un vecchio stereo. Da adolescente Giada riesce a conseguire l\u2019accesso al conservatorio per approfondire lo studio del pianoforte e la composizione ma essendo una nerd-ribelle fa le sue prime esperienze in sala prove come cantante e tastierista in una band symphonic metal. Giada \u00e8 costretta a lasciare la musica quando il cosplay diventa per lei un lavoro a tempo pieno, ma con la pandemia ha potuto finalmente riprendere quel sogno che teneva chiuso nel cassetto.<\/p><p style=\"background-image: initial; background-position: initial; background-size: initial; background-repeat: initial; background-attachment: initial; background-origin: initial; background-clip: initial;\">\u00a0<\/p>\t\t\t\t\t<\/div>\n\t\t\t\t\t\t<\/div>\n\t\t\t\t<\/div>\n\t\t\t\t\t\t<\/div>\n\t\t\t\t\t<\/div>\n\t\t<\/div>\n\t\t\t\t\t\t\t\t<\/div>\n\t\t\t\t\t<\/div>\n\t\t<\/section>\n\t\t\t\t\t\t<\/div>\n\t\t\t\t\t<\/div>\n\t\t<\/div>\n\t\t\t\t\t\t\t\t<\/div>\n\t\t\t\t\t<\/div>\n\t\t<\/section>\n\t\t\t\t<section class=\"elementor-section elementor-top-section elementor-element elementor-element-741c6d8 elementor-section-boxed elementor-section-height-default elementor-section-height-default\" data-id=\"741c6d8\" data-element_type=\"section\">\n\t\t\t\t\t\t<div class=\"elementor-container elementor-column-gap-default\">\n\t\t\t\t\t\t\t<div class=\"elementor-row\">\n\t\t\t\t\t<div class=\"elementor-column elementor-col-100 elementor-top-column elementor-element elementor-element-3f01d3b\" data-id=\"3f01d3b\" data-element_type=\"column\">\n\t\t\t<div class=\"elementor-column-wrap elementor-element-populated\">\n\t\t\t\t\t\t\t<div class=\"elementor-widget-wrap\">\n\t\t\t\t\t\t<div class=\"elementor-element elementor-element-49a2ae0 elementor-invisible elementor-widget elementor-widget-heading\" data-id=\"49a2ae0\" data-element_type=\"widget\" data-settings=\"{&quot;_animation&quot;:&quot;fadeInUp&quot;}\" data-widget_type=\"heading.default\">\n\t\t\t\t<div class=\"elementor-widget-container\">\n\t\t\t<h1 class=\"elementor-heading-title elementor-size-default\">La Proposta Musicale<\/h1>\t\t<\/div>\n\t\t\t\t<\/div>\n\t\t\t\t<div class=\"elementor-element elementor-element-1906bad elementor-invisible elementor-widget elementor-widget-heading\" data-id=\"1906bad\" data-element_type=\"widget\" data-settings=\"{&quot;_animation&quot;:&quot;fadeInUp&quot;}\" data-widget_type=\"heading.default\">\n\t\t\t\t<div class=\"elementor-widget-container\">\n\t\t\t<h2 class=\"elementor-heading-title elementor-size-default\">Una popstar \"Made in Italy\"<\/h2>\t\t<\/div>\n\t\t\t\t<\/div>\n\t\t\t\t<section class=\"elementor-section elementor-inner-section elementor-element elementor-element-beb701d elementor-section-full_width elementor-section-height-default elementor-section-height-default\" data-id=\"beb701d\" data-element_type=\"section\">\n\t\t\t\t\t\t<div class=\"elementor-container elementor-column-gap-default\">\n\t\t\t\t\t\t\t<div class=\"elementor-row\">\n\t\t\t\t\t<div class=\"elementor-column elementor-col-100 elementor-inner-column elementor-element elementor-element-f8eab4b\" data-id=\"f8eab4b\" data-element_type=\"column\">\n\t\t\t<div class=\"elementor-column-wrap elementor-element-populated\">\n\t\t\t\t\t\t\t<div class=\"elementor-widget-wrap\">\n\t\t\t\t\t\t<div class=\"elementor-element elementor-element-f4cbfd6 elementor-invisible elementor-widget elementor-widget-text-editor\" data-id=\"f4cbfd6\" data-element_type=\"widget\" data-settings=\"{&quot;_animation&quot;:&quot;fadeInUp&quot;}\" data-widget_type=\"text-editor.default\">\n\t\t\t\t<div class=\"elementor-widget-container\">\n\t\t\t\t\t\t\t\t<div class=\"elementor-text-editor elementor-clearfix\">\n\t\t\t\t<p>Si tratta di una proposta musicale in stile popstar con un&#8217;immagine accattivante, ironica e sensuale. Il genere spazia dalla Dance Pop con richiami agli anni 90 agli elementi Rock e Funky. Tra le sue influenze pi\u00f9 grandi oltre a Madonna ci sono Jamiroquai e Lady Gaga.&nbsp;<\/p>\n<p>Giada unisce la sua musica con la sua attitudine di cosplayer. La capacit\u00e0 di realizzare costumi e look mostrano anche un incredibile versatilit\u00e0 e sensualit\u00e0 nei suoi video musicali: \u201cLa musica \u00e8 una cura per l&#8217;anima. Il mio corpo \u00e8 un&#8217;espressione di quell&#8217;anima. Sacro e profano lavorano insieme\u201d dice e molte canzoni infatti includono anche una componente religiosa e spirituale avvicinandola ad una visione di genere Cristian Pop un po\u2019 sopra le righe.<\/p>\n<p style=\"background-image: initial; background-position: initial; background-size: initial; background-repeat: initial; background-attachment: initial; background-origin: initial; background-clip: initial;\">\n<\/p>\t\t\t\t\t<\/div>\n\t\t\t\t\t\t<\/div>\n\t\t\t\t<\/div>\n\t\t\t\t\t\t<\/div>\n\t\t\t\t\t<\/div>\n\t\t<\/div>\n\t\t\t\t\t\t\t\t<\/div>\n\t\t\t\t\t<\/div>\n\t\t<\/section>\n\t\t\t\t<div class=\"elementor-element elementor-element-4e7efa8 elementor-invisible elementor-widget elementor-widget-image\" data-id=\"4e7efa8\" data-element_type=\"widget\" data-settings=\"{&quot;_animation&quot;:&quot;fadeInUp&quot;}\" data-widget_type=\"image.default\">\n\t\t\t\t<div class=\"elementor-widget-container\">\n\t\t\t\t\t\t\t\t<div class=\"elementor-image\">\n\t\t\t\t\t\t\t\t\t\t\t\t<img loading=\"lazy\" decoding=\"async\" width=\"1600\" height=\"900\" src=\"https:\/\/giadarobin.com\/sonaar\/wp-content\/uploads\/2023\/02\/landscape.jpg\" class=\"attachment-full size-full wp-image-6170\" alt=\"\" srcset=\"https:\/\/giadarobin.com\/sonaar\/wp-content\/uploads\/2023\/02\/landscape.jpg 1600w, https:\/\/giadarobin.com\/sonaar\/wp-content\/uploads\/2023\/02\/landscape-559x314.jpg 559w, https:\/\/giadarobin.com\/sonaar\/wp-content\/uploads\/2023\/02\/landscape-1024x576.jpg 1024w, https:\/\/giadarobin.com\/sonaar\/wp-content\/uploads\/2023\/02\/landscape-768x432.jpg 768w, https:\/\/giadarobin.com\/sonaar\/wp-content\/uploads\/2023\/02\/landscape-1536x864.jpg 1536w\" sizes=\"auto, (max-width: 1600px) 100vw, 1600px\" \/>\t\t\t\t\t\t\t\t\t\t\t\t\t\t<\/div>\n\t\t\t\t\t\t<\/div>\n\t\t\t\t<\/div>\n\t\t\t\t<div class=\"elementor-element elementor-element-7b65b96 elementor-invisible elementor-widget elementor-widget-image\" data-id=\"7b65b96\" data-element_type=\"widget\" data-settings=\"{&quot;_animation&quot;:&quot;fadeInUp&quot;}\" data-widget_type=\"image.default\">\n\t\t\t\t<div class=\"elementor-widget-container\">\n\t\t\t\t\t\t\t\t<div class=\"elementor-image\">\n\t\t\t\t\t\t\t\t\t\t\t\t<img loading=\"lazy\" decoding=\"async\" width=\"150\" height=\"144\" src=\"https:\/\/giadarobin.com\/sonaar\/wp-content\/uploads\/2023\/03\/logo-giada-robin-secondary.png\" class=\"attachment-full size-full wp-image-6165\" alt=\"\" \/>\t\t\t\t\t\t\t\t\t\t\t\t\t\t<\/div>\n\t\t\t\t\t\t<\/div>\n\t\t\t\t<\/div>\n\t\t\t\t<div class=\"elementor-element elementor-element-607a31b elementor-align-center elementor-invisible elementor-widget elementor-widget-button\" data-id=\"607a31b\" data-element_type=\"widget\" data-settings=\"{&quot;_animation&quot;:&quot;fadeInUp&quot;}\" data-widget_type=\"button.default\">\n\t\t\t\t<div class=\"elementor-widget-container\">\n\t\t\t\t\t<div class=\"elementor-button-wrapper\">\n\t\t\t<a href=\"http:\/\/.\/sonaar\/contact\/\" class=\"elementor-button-link elementor-button elementor-size-xs elementor-animation-bob\" role=\"button\">\n\t\t\t\t\t\t<span class=\"elementor-button-content-wrapper\">\n\t\t\t\t\t\t\t<span class=\"elementor-button-icon elementor-align-icon-right\">\n\t\t\t\t<i aria-hidden=\"true\" class=\"fas fa-long-arrow-alt-right\"><\/i>\t\t\t<\/span>\n\t\t\t\t\t\t<span class=\"elementor-button-text\">CONTATTAMI<\/span>\n\t\t<\/span>\n\t\t\t\t\t<\/a>\n\t\t<\/div>\n\t\t\t\t<\/div>\n\t\t\t\t<\/div>\n\t\t\t\t\t\t<\/div>\n\t\t\t\t\t<\/div>\n\t\t<\/div>\n\t\t\t\t\t\t\t\t<\/div>\n\t\t\t\t\t<\/div>\n\t\t<\/section>\n\t\t\t\t\t\t\t\t\t<\/div>\n\t\t\t<\/div>\n\t\t\t\t\t<\/div>\n\t\t","protected":false},"excerpt":{"rendered":"<p>ABOUT Giada Robin Bio Un viaggio che ha cambiato la mia vita. Giada Pancaccini in arte Giada Robin \u00e8 una [&hellip;]<\/p>\n","protected":false},"author":2,"featured_media":0,"parent":0,"menu_order":28,"comment_status":"closed","ping_status":"closed","template":"","meta":{"footnotes":""},"class_list":["post-1767","page","type-page","status-publish","hentry"],"_links":{"self":[{"href":"https:\/\/giadarobin.com\/sonaar\/wp-json\/wp\/v2\/pages\/1767","targetHints":{"allow":["GET"]}}],"collection":[{"href":"https:\/\/giadarobin.com\/sonaar\/wp-json\/wp\/v2\/pages"}],"about":[{"href":"https:\/\/giadarobin.com\/sonaar\/wp-json\/wp\/v2\/types\/page"}],"author":[{"embeddable":true,"href":"https:\/\/giadarobin.com\/sonaar\/wp-json\/wp\/v2\/users\/2"}],"replies":[{"embeddable":true,"href":"https:\/\/giadarobin.com\/sonaar\/wp-json\/wp\/v2\/comments?post=1767"}],"version-history":[{"count":15,"href":"https:\/\/giadarobin.com\/sonaar\/wp-json\/wp\/v2\/pages\/1767\/revisions"}],"predecessor-version":[{"id":6191,"href":"https:\/\/giadarobin.com\/sonaar\/wp-json\/wp\/v2\/pages\/1767\/revisions\/6191"}],"wp:attachment":[{"href":"https:\/\/giadarobin.com\/sonaar\/wp-json\/wp\/v2\/media?parent=1767"}],"curies":[{"name":"wp","href":"https:\/\/api.w.org\/{rel}","templated":true}]}}